{"id":1318,"date":"2021-11-21T15:12:46","date_gmt":"2021-11-21T13:12:46","guid":{"rendered":"http:\/\/uusi.psykoterapiajokela.fi\/?page_id=1318"},"modified":"2025-05-19T21:13:55","modified_gmt":"2025-05-19T18:13:55","slug":"home","status":"publish","type":"page","link":"https:\/\/psykoterapiajokela.fi\/","title":{"rendered":"Home"},"content":{"rendered":"\t\t<div data-elementor-type=\"wp-page\" data-elementor-id=\"1318\" class=\"elementor elementor-1318\">\n\t\t\t\t\t\t<section class=\"elementor-section elementor-top-section elementor-element elementor-element-ca7541c elementor-section-height-min-height elementor-section-boxed elementor-section-height-default elementor-section-items-middle\" data-id=\"ca7541c\" data-element_type=\"section\" data-e-type=\"section\" data-settings=\"{&quot;background_background&quot;:&quot;classic&quot;}\">\n\t\t\t\t\t\t\t<div class=\"elementor-background-overlay\"><\/div>\n\t\t\t\t\t\t\t<div class=\"elementor-container elementor-column-gap-default\">\n\t\t\t\t\t<div class=\"elementor-column elementor-col-100 elementor-top-column elementor-element elementor-element-be10890 elementor-invisible\" data-id=\"be10890\" data-element_type=\"column\" data-e-type=\"column\" data-settings=\"{&quot;animation&quot;:&quot;fadeInDown&quot;}\">\n\t\t\t<div class=\"elementor-widget-wrap elementor-element-populated\">\n\t\t\t\t\t\t<div class=\"elementor-element elementor-element-21e9cd2 elementor-widget elementor-widget-heading\" data-id=\"21e9cd2\" data-element_type=\"widget\" data-e-type=\"widget\" data-widget_type=\"heading.default\">\n\t\t\t\t<div class=\"elementor-widget-container\">\n\t\t\t\t\t<h1 class=\"elementor-heading-title elementor-size-default\">Psykoterapeutti Jaana Jokela <\/h1>\t\t\t\t<\/div>\n\t\t\t\t<\/div>\n\t\t\t\t<div class=\"elementor-element elementor-element-7daa1c7 elementor-widget elementor-widget-heading\" data-id=\"7daa1c7\" data-element_type=\"widget\" data-e-type=\"widget\" data-widget_type=\"heading.default\">\n\t\t\t\t<div class=\"elementor-widget-container\">\n\t\t\t\t\t<h4 class=\"elementor-heading-title elementor-size-default\">- Psykoterapiaa ja ty\u00f6nohjausta -<\/h4>\t\t\t\t<\/div>\n\t\t\t\t<\/div>\n\t\t\t\t\t<\/div>\n\t\t<\/div>\n\t\t\t\t\t<\/div>\n\t\t<\/section>\n\t\t\t\t<section class=\"elementor-section elementor-top-section elementor-element elementor-element-5140fa3 elementor-section-boxed elementor-section-height-default elementor-section-height-default\" data-id=\"5140fa3\" data-element_type=\"section\" data-e-type=\"section\">\n\t\t\t\t\t\t\t<div class=\"elementor-background-overlay\"><\/div>\n\t\t\t\t\t\t\t<div class=\"elementor-container elementor-column-gap-default\">\n\t\t\t\t\t<div class=\"elementor-column elementor-col-100 elementor-top-column elementor-element elementor-element-7146792\" data-id=\"7146792\" data-element_type=\"column\" data-e-type=\"column\">\n\t\t\t<div class=\"elementor-widget-wrap elementor-element-populated\">\n\t\t\t\t\t\t<div class=\"elementor-element elementor-element-3c8e786 elementor-widget-divider--view-line_icon elementor-view-default elementor-widget-divider--element-align-center elementor-widget elementor-widget-divider\" data-id=\"3c8e786\" data-element_type=\"widget\" data-e-type=\"widget\" data-widget_type=\"divider.default\">\n\t\t\t\t<div class=\"elementor-widget-container\">\n\t\t\t\t\t\t\t<div class=\"elementor-divider\">\n\t\t\t<span class=\"elementor-divider-separator\">\n\t\t\t\t\t\t\t<div class=\"elementor-icon elementor-divider__element\">\n\t\t\t\t\t<i aria-hidden=\"true\" class=\"far fa-heart\"><\/i><\/div>\n\t\t\t\t\t\t<\/span>\n\t\t<\/div>\n\t\t\t\t\t\t<\/div>\n\t\t\t\t<\/div>\n\t\t\t\t\t<\/div>\n\t\t<\/div>\n\t\t\t\t\t<\/div>\n\t\t<\/section>\n\t\t\t\t<section class=\"elementor-section elementor-top-section elementor-element elementor-element-ae1bad7 elementor-section-boxed elementor-section-height-default elementor-section-height-default\" data-id=\"ae1bad7\" data-element_type=\"section\" data-e-type=\"section\">\n\t\t\t\t\t\t<div class=\"elementor-container elementor-column-gap-default\">\n\t\t\t\t\t<div class=\"elementor-column elementor-col-100 elementor-top-column elementor-element elementor-element-9b9af72\" data-id=\"9b9af72\" data-element_type=\"column\" data-e-type=\"column\">\n\t\t\t<div class=\"elementor-widget-wrap elementor-element-populated\">\n\t\t\t\t\t\t<div class=\"elementor-element elementor-element-c397bd9 elementor-widget elementor-widget-heading\" data-id=\"c397bd9\" data-element_type=\"widget\" data-e-type=\"widget\" data-widget_type=\"heading.default\">\n\t\t\t\t<div class=\"elementor-widget-container\">\n\t\t\t\t\t<h2 class=\"elementor-heading-title elementor-size-default\">Psykoterapia<\/h2>\t\t\t\t<\/div>\n\t\t\t\t<\/div>\n\t\t\t\t<div class=\"elementor-element elementor-element-766ad83 elementor-widget elementor-widget-text-editor\" data-id=\"766ad83\" data-element_type=\"widget\" data-e-type=\"widget\" data-widget_type=\"text-editor.default\">\n\t\t\t\t<div class=\"elementor-widget-container\">\n\t\t\t\t\t\t\t\t\t<p><strong>Psykoterapia<\/strong> on psyykkisen terveyden ja toimivuuden lis\u00e4\u00e4miseen t\u00e4ht\u00e4\u00e4v\u00e4 psykologinen hoitomuoto. Sen tavoitteena on poistaa tai lievitt\u00e4\u00e4 psyykkisi\u00e4 h\u00e4iri\u00f6it\u00e4 ja niihin liittyv\u00e4\u00e4 k\u00e4rsimyst\u00e4, tukea psyykkist\u00e4 kasvua ja kehityst\u00e4 sek\u00e4 lis\u00e4t\u00e4 henkil\u00f6n valmiuksia itse ratkaista ongelmiaan. Psykoterapia pyrkii lievitt\u00e4m\u00e4\u00e4n psyykkisi\u00e4 ongelmia sek\u00e4 lis\u00e4\u00e4m\u00e4\u00e4n toimintakyky\u00e4 ja mielen hyvinvointia. Se auttaa el\u00e4m\u00e4n kriiseiss\u00e4 ja kipukohdissa, kun ahdistaa tai on masentunut.<\/p><p>Psykoterapia on osoitettu vaikuttavaksi hoitomuodoksi useiden eri psyykkisten h\u00e4iri\u00f6iden hoidossa. Keskeist\u00e4 on asiakkaan ja terapeutin v\u00e4linen vuorovaikutussuhde, joka tarjoaa turvalliset puitteet tarkastella omiakokemuksia, tunteita ja ihmissuhteita.\u00a0 Psykoterapiakeskusteluja on yleens\u00e4 1\u20132 kertaa viikossa ja terapia kest\u00e4\u00e4 yleeens\u00e4 1\u20133 vuotta.<\/p>\t\t\t\t\t\t\t\t<\/div>\n\t\t\t\t<\/div>\n\t\t\t\t<section class=\"elementor-section elementor-inner-section elementor-element elementor-element-d13f725 elementor-section-boxed elementor-section-height-default elementor-section-height-default\" data-id=\"d13f725\" data-element_type=\"section\" data-e-type=\"section\">\n\t\t\t\t\t\t<div class=\"elementor-container elementor-column-gap-default\">\n\t\t\t\t\t<div class=\"elementor-column elementor-col-50 elementor-inner-column elementor-element elementor-element-67ec4e2\" data-id=\"67ec4e2\" data-element_type=\"column\" data-e-type=\"column\">\n\t\t\t<div class=\"elementor-widget-wrap elementor-element-populated\">\n\t\t\t\t\t\t<div class=\"elementor-element elementor-element-d58c362 elementor-widget elementor-widget-heading\" data-id=\"d58c362\" data-element_type=\"widget\" data-e-type=\"widget\" data-widget_type=\"heading.default\">\n\t\t\t\t<div class=\"elementor-widget-container\">\n\t\t\t\t\t<h3 class=\"elementor-heading-title elementor-size-default\">Ratkaisukeskeinen psykoterapia<\/h3>\t\t\t\t<\/div>\n\t\t\t\t<\/div>\n\t\t\t\t<div class=\"elementor-element elementor-element-ea1b036 elementor-widget elementor-widget-text-editor\" data-id=\"ea1b036\" data-element_type=\"widget\" data-e-type=\"widget\" data-widget_type=\"text-editor.default\">\n\t\t\t\t<div class=\"elementor-widget-container\">\n\t\t\t\t\t\t\t\t\t<p>Ratkaisukeskeinen psykoterapia on asiakaskeskeist\u00e4, tavoitteellista, vuorovaikutuksellista ja nykyhetkeen sek\u00e4 tulevaisuuteen suuntautunutta voimavarakeskeist\u00e4 psykoterapiaa. Ratkaisukeskeisess\u00e4 psykoterapiassa katse on tulevaisuudessa menneisyytt\u00e4 unohtamatta, sill\u00e4 nykyhetkess\u00e4 el\u00e4\u00e4 kaikki aikakaudet, niin menneisyys nykyisyys ja jopa tulevaisuuskin. Ratkaisukeskeisess\u00e4 l\u00e4hestymistavassa korostuu toiveikkuuden merkitys, mik\u00e4 auttaa ihmisi\u00e4 n\u00e4kem\u00e4\u00e4n tulevaisuuden, jossa voidaan el\u00e4\u00e4 tervett\u00e4, tyytyv\u00e4ist\u00e4 ja hyv\u00e4\u00e4 el\u00e4m\u00e4\u00e4.<\/p><p>Jokainen on oman el\u00e4m\u00e4ns\u00e4 paras asiantuntija, minun teht\u00e4v\u00e4n\u00e4ni on auttaa sinua l\u00f6yt\u00e4m\u00e4\u00e4n omat voimavarasi ja vahvuutesi p\u00e4\u00e4st\u00e4ksesi t\u00e4m\u00e4n hetken hankaluuksista eteenp\u00e4in ja l\u00f6yt\u00e4\u00e4ksesi itsesi takaisin.<\/p>\t\t\t\t\t\t\t\t<\/div>\n\t\t\t\t<\/div>\n\t\t\t\t<div class=\"elementor-element elementor-element-75c81d0 elementor-widget elementor-widget-heading\" data-id=\"75c81d0\" data-element_type=\"widget\" data-e-type=\"widget\" data-widget_type=\"heading.default\">\n\t\t\t\t<div class=\"elementor-widget-container\">\n\t\t\t\t\t<h3 class=\"elementor-heading-title elementor-size-default\">Lyhytterapia<\/h3>\t\t\t\t<\/div>\n\t\t\t\t<\/div>\n\t\t\t\t<div class=\"elementor-element elementor-element-fa84626 elementor-widget elementor-widget-text-editor\" data-id=\"fa84626\" data-element_type=\"widget\" data-e-type=\"widget\" data-widget_type=\"text-editor.default\">\n\t\t\t\t<div class=\"elementor-widget-container\">\n\t\t\t\t\t\t\t\t\t<p>Psykoterapian ei tarvitse aina olla pitk\u00e4kestoista. Lyhytpsykoterapia on mielenterveyden tukihoitoa, joka on helposti ja nopeasti saavutettavaa keskusteluapua \u00e4killiseen ongelmaan. Ratkaisukeskeinen lyhytpsykoterapia sopii erinomaisesti esimerkiksi erilaisiin el\u00e4m\u00e4n kriisitilanteisiin ja muihin el\u00e4m\u00e4n solmukohtiin.<\/p>\t\t\t\t\t\t\t\t<\/div>\n\t\t\t\t<\/div>\n\t\t\t\t\t<\/div>\n\t\t<\/div>\n\t\t\t\t<div class=\"elementor-column elementor-col-50 elementor-inner-column elementor-element elementor-element-39df799\" data-id=\"39df799\" data-element_type=\"column\" data-e-type=\"column\">\n\t\t\t<div class=\"elementor-widget-wrap elementor-element-populated\">\n\t\t\t\t\t\t<div class=\"elementor-element elementor-element-16683ac elementor-widget elementor-widget-image\" data-id=\"16683ac\" data-element_type=\"widget\" data-e-type=\"widget\" data-widget_type=\"image.default\">\n\t\t\t\t<div class=\"elementor-widget-container\">\n\t\t\t\t\t\t\t\t\t\t\t\t\t\t\t<img fetchpriority=\"high\" decoding=\"async\" width=\"470\" height=\"570\" src=\"https:\/\/psykoterapiajokela.fi\/wp-content\/uploads\/2023\/02\/Kotisivuille1.jpg\" class=\"attachment-large size-large wp-image-1838\" alt=\"\" srcset=\"https:\/\/psykoterapiajokela.fi\/wp-content\/uploads\/2023\/02\/Kotisivuille1.jpg 470w, https:\/\/psykoterapiajokela.fi\/wp-content\/uploads\/2023\/02\/Kotisivuille1-247x300.jpg 247w\" sizes=\"(max-width: 470px) 100vw, 470px\" \/>\t\t\t\t\t\t\t\t\t\t\t\t\t\t\t<\/div>\n\t\t\t\t<\/div>\n\t\t\t\t\t<\/div>\n\t\t<\/div>\n\t\t\t\t\t<\/div>\n\t\t<\/section>\n\t\t\t\t\t<\/div>\n\t\t<\/div>\n\t\t\t\t\t<\/div>\n\t\t<\/section>\n\t\t\t\t<section class=\"elementor-section elementor-top-section elementor-element elementor-element-f34b5a8 elementor-section-boxed elementor-section-height-default elementor-section-height-default\" data-id=\"f34b5a8\" data-element_type=\"section\" data-e-type=\"section\">\n\t\t\t\t\t\t\t<div class=\"elementor-background-overlay\"><\/div>\n\t\t\t\t\t\t\t<div class=\"elementor-container elementor-column-gap-default\">\n\t\t\t\t\t<div class=\"elementor-column elementor-col-100 elementor-top-column elementor-element elementor-element-7087e7f\" data-id=\"7087e7f\" data-element_type=\"column\" data-e-type=\"column\">\n\t\t\t<div class=\"elementor-widget-wrap elementor-element-populated\">\n\t\t\t\t\t\t<div class=\"elementor-element elementor-element-765d7d8 elementor-widget-divider--view-line_icon elementor-view-default elementor-widget-divider--element-align-center elementor-widget elementor-widget-divider\" data-id=\"765d7d8\" data-element_type=\"widget\" data-e-type=\"widget\" data-widget_type=\"divider.default\">\n\t\t\t\t<div class=\"elementor-widget-container\">\n\t\t\t\t\t\t\t<div class=\"elementor-divider\">\n\t\t\t<span class=\"elementor-divider-separator\">\n\t\t\t\t\t\t\t<div class=\"elementor-icon elementor-divider__element\">\n\t\t\t\t\t<i aria-hidden=\"true\" class=\"far fa-heart\"><\/i><\/div>\n\t\t\t\t\t\t<\/span>\n\t\t<\/div>\n\t\t\t\t\t\t<\/div>\n\t\t\t\t<\/div>\n\t\t\t\t\t<\/div>\n\t\t<\/div>\n\t\t\t\t\t<\/div>\n\t\t<\/section>\n\t\t\t\t<section class=\"elementor-section elementor-top-section elementor-element elementor-element-d3607b7 elementor-section-boxed elementor-section-height-default elementor-section-height-default\" data-id=\"d3607b7\" data-element_type=\"section\" data-e-type=\"section\">\n\t\t\t\t\t\t<div class=\"elementor-container elementor-column-gap-default\">\n\t\t\t\t\t<div class=\"elementor-column elementor-col-50 elementor-top-column elementor-element elementor-element-60407ab\" data-id=\"60407ab\" data-element_type=\"column\" data-e-type=\"column\">\n\t\t\t<div class=\"elementor-widget-wrap elementor-element-populated\">\n\t\t\t\t\t\t<div class=\"elementor-element elementor-element-4bcd07b elementor-widget elementor-widget-heading\" data-id=\"4bcd07b\" data-element_type=\"widget\" data-e-type=\"widget\" data-widget_type=\"heading.default\">\n\t\t\t\t<div class=\"elementor-widget-container\">\n\t\t\t\t\t<h2 class=\"elementor-heading-title elementor-size-default\">Ty\u00f6nohjaus<\/h2>\t\t\t\t<\/div>\n\t\t\t\t<\/div>\n\t\t\t\t<div class=\"elementor-element elementor-element-818b733 elementor-widget elementor-widget-text-editor\" data-id=\"818b733\" data-element_type=\"widget\" data-e-type=\"widget\" data-widget_type=\"text-editor.default\">\n\t\t\t\t<div class=\"elementor-widget-container\">\n\t\t\t\t\t\t\t\t\t<p>\u201dTy\u00f6nohjaus on oman ty\u00f6n tutkimista, arviointia ja kehitt\u00e4mist\u00e4, joka tapahtuu koulutetun ty\u00f6nohjaajan avulla. Se on ty\u00f6h\u00f6n, ty\u00f6yhteis\u00f6\u00f6n ja omaan ty\u00f6rooliin liittyvien kysymysten, kokemusten ja tunteiden yhdess\u00e4 tulkitsemista ja j\u00e4sent\u00e4mist\u00e4.\u201d(Storyn m\u00e4\u00e4ritelm\u00e4)<\/p><p>Ty\u00f6nohjaus auttaa ymm\u00e4rt\u00e4m\u00e4\u00e4n omaa ty\u00f6t\u00e4\u00e4n ja selkeytt\u00e4m\u00e4\u00e4n oman ammatillisen kehityksen suuntaa. Ty\u00f6nohjaus auttaa s\u00e4\u00e4telem\u00e4\u00e4n ty\u00f6n kuormittavuutta ja auttaa ty\u00f6yhteis\u00f6n haasteiden kohtaamisessa ja eteenp\u00e4in menemisess\u00e4.<\/p><p>Tutkimukset ovat osoittaneet, ett\u00e4 ty\u00f6nohjaus parantaa ty\u00f6n laatua ja lis\u00e4\u00e4 ty\u00f6hyvinvointia.<\/p><p>Ratkaisusuuntautuneessa toimintatavassa keskityt\u00e4\u00e4n menem\u00e4\u00e4n eteenp\u00e4in toivottuun suuntaan, eik\u00e4 niink\u00e4\u00e4n pys\u00e4hdyt\u00e4 ongelmiin. Ty\u00f6nohjaajan teht\u00e4v\u00e4n\u00e4 on pit\u00e4\u00e4 prosessi tavoitteen suuntaan k\u00e4ynniss\u00e4, jotta pystyt\u00e4\u00e4n l\u00f6yt\u00e4m\u00e4\u00e4n askeleita toivottuun suuntaan.<\/p>\t\t\t\t\t\t\t\t<\/div>\n\t\t\t\t<\/div>\n\t\t\t\t\t<\/div>\n\t\t<\/div>\n\t\t\t\t<div class=\"elementor-column elementor-col-50 elementor-top-column elementor-element elementor-element-5f1654b\" data-id=\"5f1654b\" data-element_type=\"column\" data-e-type=\"column\">\n\t\t\t<div class=\"elementor-widget-wrap elementor-element-populated\">\n\t\t\t\t\t\t<div class=\"elementor-element elementor-element-7ade1d7 elementor-widget elementor-widget-image\" data-id=\"7ade1d7\" data-element_type=\"widget\" data-e-type=\"widget\" data-widget_type=\"image.default\">\n\t\t\t\t<div class=\"elementor-widget-container\">\n\t\t\t\t\t\t\t\t\t\t\t\t\t\t\t<img decoding=\"async\" width=\"470\" height=\"570\" src=\"https:\/\/psykoterapiajokela.fi\/wp-content\/uploads\/2023\/02\/leaf-kopio.jpg\" class=\"attachment-large size-large wp-image-1371\" alt=\"\" srcset=\"https:\/\/psykoterapiajokela.fi\/wp-content\/uploads\/2023\/02\/leaf-kopio.jpg 470w, https:\/\/psykoterapiajokela.fi\/wp-content\/uploads\/2023\/02\/leaf-kopio-247x300.jpg 247w\" sizes=\"(max-width: 470px) 100vw, 470px\" \/>\t\t\t\t\t\t\t\t\t\t\t\t\t\t\t<\/div>\n\t\t\t\t<\/div>\n\t\t\t\t\t<\/div>\n\t\t<\/div>\n\t\t\t\t\t<\/div>\n\t\t<\/section>\n\t\t\t\t<section class=\"elementor-section elementor-top-section elementor-element elementor-element-c595406 elementor-section-boxed elementor-section-height-default elementor-section-height-default\" data-id=\"c595406\" data-element_type=\"section\" data-e-type=\"section\">\n\t\t\t\t\t\t\t<div class=\"elementor-background-overlay\"><\/div>\n\t\t\t\t\t\t\t<div class=\"elementor-container elementor-column-gap-default\">\n\t\t\t\t\t<div class=\"elementor-column elementor-col-100 elementor-top-column elementor-element elementor-element-c82bf42\" data-id=\"c82bf42\" data-element_type=\"column\" data-e-type=\"column\">\n\t\t\t<div class=\"elementor-widget-wrap elementor-element-populated\">\n\t\t\t\t\t\t<div class=\"elementor-element elementor-element-55fc3d5 elementor-widget-divider--view-line_icon elementor-view-default elementor-widget-divider--element-align-center elementor-widget elementor-widget-divider\" data-id=\"55fc3d5\" data-element_type=\"widget\" data-e-type=\"widget\" data-widget_type=\"divider.default\">\n\t\t\t\t<div class=\"elementor-widget-container\">\n\t\t\t\t\t\t\t<div class=\"elementor-divider\">\n\t\t\t<span class=\"elementor-divider-separator\">\n\t\t\t\t\t\t\t<div class=\"elementor-icon elementor-divider__element\">\n\t\t\t\t\t<i aria-hidden=\"true\" class=\"far fa-heart\"><\/i><\/div>\n\t\t\t\t\t\t<\/span>\n\t\t<\/div>\n\t\t\t\t\t\t<\/div>\n\t\t\t\t<\/div>\n\t\t\t\t\t<\/div>\n\t\t<\/div>\n\t\t\t\t\t<\/div>\n\t\t<\/section>\n\t\t\t\t<section class=\"elementor-section elementor-top-section elementor-element elementor-element-fe581c4 elementor-section-boxed elementor-section-height-default elementor-section-height-default\" data-id=\"fe581c4\" data-element_type=\"section\" data-e-type=\"section\">\n\t\t\t\t\t\t<div class=\"elementor-container elementor-column-gap-default\">\n\t\t\t\t\t<div class=\"elementor-column elementor-col-50 elementor-top-column elementor-element elementor-element-5c01fb9\" data-id=\"5c01fb9\" data-element_type=\"column\" data-e-type=\"column\">\n\t\t\t<div class=\"elementor-widget-wrap elementor-element-populated\">\n\t\t\t\t\t\t<div class=\"elementor-element elementor-element-83222a0 elementor-widget elementor-widget-heading\" data-id=\"83222a0\" data-element_type=\"widget\" data-e-type=\"widget\" data-widget_type=\"heading.default\">\n\t\t\t\t<div class=\"elementor-widget-container\">\n\t\t\t\t\t<h2 class=\"elementor-heading-title elementor-size-default\">Jaana Jokela<\/h2>\t\t\t\t<\/div>\n\t\t\t\t<\/div>\n\t\t\t\t<div class=\"elementor-element elementor-element-7ffc4c9 elementor-widget elementor-widget-text-editor\" data-id=\"7ffc4c9\" data-element_type=\"widget\" data-e-type=\"widget\" data-widget_type=\"text-editor.default\">\n\t\t\t\t<div class=\"elementor-widget-container\">\n\t\t\t\t\t\t\t\t\t<p>Minulla on pitk\u00e4 ja monipuolinen ty\u00f6kokemus mielenterveys- ja p\u00e4ihdety\u00f6st\u00e4. Olen<\/p><ul><li>Psykiatrisen sairaanhoidon ja mielenterveysty\u00f6n erikoissairaanhoitaja<\/li><li>Valviran hyv\u00e4ksym\u00e4 psykoterapeutti ja minulla on Kela -p\u00e4tevyys yksil\u00f6terapiaan.<\/li><li>Ty\u00f6nohjaaja, Suomen Ty\u00f6nohjaajat ry:n j\u00e4sen<\/li><\/ul><div class=\"v1elementToProof\">Martta-koira, rodultaan Coton de tulear, on usein mukana terapiatapaamisissa. Olemme Martan kanssa opiskelleet koira-avusteista ty\u00f6skentely\u00e4 Terapiakoira Akatemiassa. Martan teht\u00e4v\u00e4n\u00e4 on tuoda l\u00e4sn\u00e4olollaan iloa, rentoutta ja maadoittavaa hyv\u00e4\u00e4 terapiatilaan.<\/div>\t\t\t\t\t\t\t\t<\/div>\n\t\t\t\t<\/div>\n\t\t\t\t<section class=\"elementor-section elementor-inner-section elementor-element elementor-element-bc3211e elementor-section-boxed elementor-section-height-default elementor-section-height-default\" data-id=\"bc3211e\" data-element_type=\"section\" data-e-type=\"section\">\n\t\t\t\t\t\t<div class=\"elementor-container elementor-column-gap-default\">\n\t\t\t\t\t<div class=\"elementor-column elementor-col-50 elementor-inner-column elementor-element elementor-element-bf79e14\" data-id=\"bf79e14\" data-element_type=\"column\" data-e-type=\"column\">\n\t\t\t<div class=\"elementor-widget-wrap elementor-element-populated\">\n\t\t\t\t\t\t<div class=\"elementor-element elementor-element-e6dbed0 elementor-widget elementor-widget-image\" data-id=\"e6dbed0\" data-element_type=\"widget\" data-e-type=\"widget\" data-widget_type=\"image.default\">\n\t\t\t\t<div class=\"elementor-widget-container\">\n\t\t\t\t\t\t\t\t\t\t\t\t\t\t\t<img decoding=\"async\" width=\"500\" height=\"667\" src=\"https:\/\/psykoterapiajokela.fi\/wp-content\/uploads\/2025\/05\/martta2025.jpg\" class=\"attachment-large size-large wp-image-2042\" alt=\"\" srcset=\"https:\/\/psykoterapiajokela.fi\/wp-content\/uploads\/2025\/05\/martta2025.jpg 500w, https:\/\/psykoterapiajokela.fi\/wp-content\/uploads\/2025\/05\/martta2025-225x300.jpg 225w\" sizes=\"(max-width: 500px) 100vw, 500px\" \/>\t\t\t\t\t\t\t\t\t\t\t\t\t\t\t<\/div>\n\t\t\t\t<\/div>\n\t\t\t\t\t<\/div>\n\t\t<\/div>\n\t\t\t\t<div class=\"elementor-column elementor-col-50 elementor-inner-column elementor-element elementor-element-a6d1cc3\" data-id=\"a6d1cc3\" data-element_type=\"column\" data-e-type=\"column\">\n\t\t\t<div class=\"elementor-widget-wrap elementor-element-populated\">\n\t\t\t\t\t\t<div class=\"elementor-element elementor-element-592e740 elementor-widget elementor-widget-heading\" data-id=\"592e740\" data-element_type=\"widget\" data-e-type=\"widget\" data-widget_type=\"heading.default\">\n\t\t\t\t<div class=\"elementor-widget-container\">\n\t\t\t\t\t<h4 class=\"elementor-heading-title elementor-size-default\">Miten hakeutua psykoterapiaan<\/h4>\t\t\t\t<\/div>\n\t\t\t\t<\/div>\n\t\t\t\t<div class=\"elementor-element elementor-element-cc8422e elementor-widget elementor-widget-text-editor\" data-id=\"cc8422e\" data-element_type=\"widget\" data-e-type=\"widget\" data-widget_type=\"text-editor.default\">\n\t\t\t\t<div class=\"elementor-widget-container\">\n\t\t\t\t\t\t\t\t\t<ul><li>Itsemaksavana voit ottaa suoraan yhteytt\u00e4 minuun puhelimitse tai s-postilla.<\/li><li>Kelan Kuntoutuspsykoterapiaan tarvitset psykiatrin B-lausunnon. Lis\u00e4tietoa <a href=\"https:\/\/www.kela.fi\/kuntoutuspsykoterapia-nain-haet\" target=\"_blank\" rel=\"noopener\"><span style=\"text-decoration: underline;\"><strong>t\u00e4\u00e4lt\u00e4.<\/strong><\/span><\/a><\/li><li>Terapiak\u00e4ynnin hinta: 45 min\/90\u20ac<\/li><li>Minulla on vastaanotto Merikarvialla ja Porissa.<\/li><li><div class=\"v1elementToProof\">Omavalvontasuunnitelma on n\u00e4ht\u00e4viss\u00e4 molemmissa toimipisteiss\u00e4.<\/div><\/li><\/ul>\t\t\t\t\t\t\t\t<\/div>\n\t\t\t\t<\/div>\n\t\t\t\t\t<\/div>\n\t\t<\/div>\n\t\t\t\t\t<\/div>\n\t\t<\/section>\n\t\t\t\t\t<\/div>\n\t\t<\/div>\n\t\t\t\t<div class=\"elementor-column elementor-col-50 elementor-top-column elementor-element elementor-element-43cda3d\" data-id=\"43cda3d\" data-element_type=\"column\" data-e-type=\"column\">\n\t\t\t<div class=\"elementor-widget-wrap elementor-element-populated\">\n\t\t\t\t\t\t<div class=\"elementor-element elementor-element-5344f60 elementor-widget elementor-widget-image\" data-id=\"5344f60\" data-element_type=\"widget\" data-e-type=\"widget\" data-widget_type=\"image.default\">\n\t\t\t\t<div class=\"elementor-widget-container\">\n\t\t\t\t\t\t\t\t\t\t\t\t\t\t\t<img loading=\"lazy\" decoding=\"async\" width=\"470\" height=\"570\" src=\"https:\/\/psykoterapiajokela.fi\/wp-content\/uploads\/2025\/05\/jaana2025.jpg\" class=\"attachment-large size-large wp-image-2038\" alt=\"\" srcset=\"https:\/\/psykoterapiajokela.fi\/wp-content\/uploads\/2025\/05\/jaana2025.jpg 470w, https:\/\/psykoterapiajokela.fi\/wp-content\/uploads\/2025\/05\/jaana2025-247x300.jpg 247w\" sizes=\"(max-width: 470px) 100vw, 470px\" \/>\t\t\t\t\t\t\t\t\t\t\t\t\t\t\t<\/div>\n\t\t\t\t<\/div>\n\t\t\t\t\t<\/div>\n\t\t<\/div>\n\t\t\t\t\t<\/div>\n\t\t<\/section>\n\t\t\t\t<\/div>\n\t\t","protected":false},"excerpt":{"rendered":"<p>Psykoterapeutti Jaana Jokela &#8211; Psykoterapiaa ja ty\u00f6nohjausta &#8211; Psykoterapia Psykoterapia on psyykkisen terveyden ja toimivuuden lis\u00e4\u00e4miseen t\u00e4ht\u00e4\u00e4v\u00e4 psykologinen hoitomuoto. Sen tavoitteena on poistaa tai lievitt\u00e4\u00e4 psyykkisi\u00e4 h\u00e4iri\u00f6it\u00e4 ja niihin liittyv\u00e4\u00e4 k\u00e4rsimyst\u00e4, tukea psyykkist\u00e4 kasvua ja kehityst\u00e4 sek\u00e4 lis\u00e4t\u00e4 henkil\u00f6n valmiuksia itse ratkaista ongelmiaan. Psykoterapia pyrkii lievitt\u00e4m\u00e4\u00e4n psyykkisi\u00e4 ongelmia sek\u00e4 lis\u00e4\u00e4m\u00e4\u00e4n toimintakyky\u00e4 ja mielen hyvinvointia. Se &hellip;<\/p>\n<p class=\"read-more\"> <a class=\"\" href=\"https:\/\/psykoterapiajokela.fi\/\"> <span class=\"screen-reader-text\">Home<\/span> Lue lis\u00e4\u00e4 &raquo;<\/a><\/p>\n","protected":false},"author":1,"featured_media":0,"parent":0,"menu_order":0,"comment_status":"closed","ping_status":"closed","template":"","meta":{"site-sidebar-layout":"no-sidebar","site-content-layout":"page-builder","ast-global-header-display":"","ast-main-header-display":"","ast-hfb-above-header-display":"","ast-hfb-below-header-display":"","ast-hfb-mobile-header-display":"","site-post-title":"disabled","ast-breadcrumbs-content":"","ast-featured-img":"disabled","footer-sml-layout":"","theme-transparent-header-meta":"enabled","adv-header-id-meta":"","stick-header-meta":"","header-above-stick-meta":"","header-main-stick-meta":"","header-below-stick-meta":"","footnotes":""},"class_list":["post-1318","page","type-page","status-publish","hentry"],"_links":{"self":[{"href":"https:\/\/psykoterapiajokela.fi\/index.php?rest_route=\/wp\/v2\/pages\/1318","targetHints":{"allow":["GET"]}}],"collection":[{"href":"https:\/\/psykoterapiajokela.fi\/index.php?rest_route=\/wp\/v2\/pages"}],"about":[{"href":"https:\/\/psykoterapiajokela.fi\/index.php?rest_route=\/wp\/v2\/types\/page"}],"author":[{"embeddable":true,"href":"https:\/\/psykoterapiajokela.fi\/index.php?rest_route=\/wp\/v2\/users\/1"}],"replies":[{"embeddable":true,"href":"https:\/\/psykoterapiajokela.fi\/index.php?rest_route=%2Fwp%2Fv2%2Fcomments&post=1318"}],"version-history":[{"count":536,"href":"https:\/\/psykoterapiajokela.fi\/index.php?rest_route=\/wp\/v2\/pages\/1318\/revisions"}],"predecessor-version":[{"id":2045,"href":"https:\/\/psykoterapiajokela.fi\/index.php?rest_route=\/wp\/v2\/pages\/1318\/revisions\/2045"}],"wp:attachment":[{"href":"https:\/\/psykoterapiajokela.fi\/index.php?rest_route=%2Fwp%2Fv2%2Fmedia&parent=1318"}],"curies":[{"name":"wp","href":"https:\/\/api.w.org\/{rel}","templated":true}]}}